{"id":1039,"date":"2023-04-26T06:28:54","date_gmt":"2023-04-26T06:28:54","guid":{"rendered":"https:\/\/business-cloud.ro\/?post_type=product&#038;p=1039"},"modified":"2023-04-27T04:38:13","modified_gmt":"2023-04-27T04:38:13","slug":"bitdefender-internet-security-5pc-firstit","status":"publish","type":"product","link":"https:\/\/business-cloud.ro\/index.php\/produs\/bitdefender-internet-security-5pc-firstit\/","title":{"rendered":"Bitdefender Internet Security 5PC 1An"},"content":{"rendered":"<div class=\"col-lg-7 col-md-7 col-12 order-last order-md-first\">\n<h3 class=\"ftrs__tab-title ftrs__tab-title--2 mb-2\">Eficien\u021b\u0103 \u00eempotriva amenin\u021b\u0103rilor<\/h3>\n<h2 class=\"ppb__title mb-2\">\u00cen ultimii 5 ani, Bitdefender a avut cea mai \u00eenalt\u0103 rat\u0103 de detec\u021bie din industrie<\/h2>\n<p class=\"ppc__text mw100 m-0 mb-5\">Sute de milioane de sisteme folosesc software-uri de securitate de la Bitdefender \u00een toat\u0103 lumea. Bitdefender utilizeaz\u0103 Inteligen\u021b\u0103 artificial\u0103 avansat\u0103 \u0219i alte tehnologii revolu\u021bionare pentru a anticipa, detecta \u0219i bloca instantaneu chiar \u0219i cele mai noi amenin\u021b\u0103ri, \u00eenainte ca acestea s\u0103 te poat\u0103 afecta.<\/p>\n<h3 class=\"ftrs__tab-title ftrs__tab-title--2 mb-2\">Impact redus asupra sistemului<\/h3>\n<p class=\"ppc__text mw100 m-0\">Profit\u0103 la maxim de poten\u021bialul dispozitivului t\u0103u digital. Bitdefender utilizeaz\u0103 o gam\u0103 minim\u0103 de resurse, \u00een timp ce instrumentele noastre de optimizare pot \u00eembun\u0103t\u0103\u021bi timpul de pornire al computerului t\u0103u \u0219i performan\u021ba acestuia.<\/p>\n<\/div>\n<p>&nbsp;<\/p>\n<p>&nbsp;<\/p>\n<h3>Cerinte de sistem<\/h3>\n<ul>\n<li>Cerinte de sistem: Windows 10 \/ 8.x \/ 7: cel putin 2 GB RAM (32- &amp; 64-Bit).<\/li>\n<li>Include un mediu de date bootabil.<\/li>\n<li>Descarcarea kit-ului de instalare este disponibila pentru sisteme fara unitate DVD.<\/li>\n<li>Pentru descarcarea programului de instalare si a actualizarilor, accesul la Internet este necesar.<\/li>\n<li>Include actualizari la interval de o ora pentru semnaturi de virusi, actualizari de software si actualizari de versiuni.<\/li>\n<\/ul>\n<p><iframe title=\"Discover the New Bitdefender Ultimate Security: all-in-one protection for your digital life\" width=\"1140\" height=\"641\" src=\"https:\/\/www.youtube.com\/embed\/kzhvQa5d2UY?feature=oembed\" frameborder=\"0\" allow=\"accelerometer; autoplay; clipboard-write; encrypted-media; gyroscope; picture-in-picture; web-share\" allowfullscreen><\/iframe><\/p>\n<pre class=\"ti-widget\" style=\"display: none\"><template id=\"trustindex-facebook-widget-html\"><div class=\" ti-widget  ti-face ti-review-text-mode-readmore ti-content-align-center\" data-no-translation=\"true\" data-time-locale=\"acum %d %s|ast\u0103zi|zi|zile|s\u0103pt\u0103m\u00e2n\u0103|s\u0103pt\u0103m\u00e2ni|lun\u0103|luni|an|ani\" data-plugin-version=\"13.2.9\" data-layout-id=\"36\" data-layout-category=\"slider\" data-set-id=\"light-background\" data-pid=\"\" data-language=\"ro\" data-close-locale=\"\u00cenchide\" data-review-target-width=\"300\" data-css-version=\"2\" data-reply-by-locale=\"R\u0103spunsul proprietarului\" data-only-rating-locale=\"Acest utilizator a l\u0103sat doar o evaluare.\" data-pager-autoplay-timeout=\"6\"> <div class=\"ti-widget-container ti-col-3\"> <div class=\"ti-reviews-container\"> <div class=\"ti-controls\"> <div class=\"ti-next\" aria-label=\"Urm\u0103toarea recenzie\" role=\"button\" tabindex=\"0\"><\/div> <div class=\"ti-prev\" aria-label=\"Recenzie anterioar\u0103\" role=\"button\" tabindex=\"0\"><\/div> <\/div> <div class=\"ti-reviews-container-wrapper\">  <div data-empty=\"0\" data-time=\"1682380800\" class=\"ti-review-item source-Facebook ti-image-layout-thumbnail\" data-id=\"cfcd208495d565ef66e7dff9f98764da\"> <div class=\"ti-inner\"> <div class=\"ti-review-header\"> <trustindex-image class=\"ti-platform-icon\" data-imgurl=\"https:\/\/cdn.trustindex.io\/assets\/platform\/Facebook\/icon.svg\" alt=\"\" width=\"20\" height=\"20\" loading=\"lazy\"><\/trustindex-image> <div class=\"ti-profile-img\"> <trustindex-image data-imgurl=\"https:\/\/graph.facebook.com\/6248333975218244\/picture?access_token=EAACW8aYRzLUBAAYFtWOZCoRTsQBg0ZC3Q3ArpsqqLnxaAjRLltMko44mgaLZCiZBrvaZBYGBLr1q7HqeJxjoEkZA1ZA45Gs7TRsn23AljLLYQAL3TLVVzuBEnZCLndKuJObo5TaFv9ZBN9W8DD5nLZChGPAL0IK3EvJTg1QXQl14RaP5MrDWyrQyeKi6IQK7klKGpPBGype3RVsgZDZD&amp;type=square&amp;width=80\" alt=\"Betoane Alba profile picture\" loading=\"lazy\"><\/trustindex-image> <\/div> <div class=\"ti-profile-details\"> <div class=\"ti-name\"> Betoane Alba <\/div> <div class=\"ti-date\"><\/div> <\/div> <\/div> <span class=\"ti-stars\"><trustindex-image class=\"ti-star\" data-imgurl=\"https:\/\/cdn.trustindex.io\/assets\/platform\/Facebook\/star\/f.svg\" alt=\"Facebook star 1\" width=\"17\" height=\"17\" loading=\"lazy\"><\/trustindex-image><trustindex-image class=\"ti-star\" data-imgurl=\"https:\/\/cdn.trustindex.io\/assets\/platform\/Facebook\/star\/f.svg\" alt=\"Facebook star 2\" width=\"17\" height=\"17\" loading=\"lazy\"><\/trustindex-image><trustindex-image class=\"ti-star\" data-imgurl=\"https:\/\/cdn.trustindex.io\/assets\/platform\/Facebook\/star\/f.svg\" alt=\"Facebook star 3\" width=\"17\" height=\"17\" loading=\"lazy\"><\/trustindex-image><trustindex-image class=\"ti-star\" data-imgurl=\"https:\/\/cdn.trustindex.io\/assets\/platform\/Facebook\/star\/f.svg\" alt=\"Facebook star 4\" width=\"17\" height=\"17\" loading=\"lazy\"><\/trustindex-image><trustindex-image class=\"ti-star\" data-imgurl=\"https:\/\/cdn.trustindex.io\/assets\/platform\/Facebook\/star\/f.svg\" alt=\"Facebook star 5\" width=\"17\" height=\"17\" loading=\"lazy\"><\/trustindex-image><span class=\"ti-verified-review ti-verified-platform\"><span class=\"ti-verified-tooltip\">Trustindex verific\u0103 c\u0103 sursa original\u0103 a recenziei este Facebook.<\/span><\/span><\/span> <div class=\"ti-review-text-container ti-review-content\"><!-- R-CONTENT -->Profesionalism, polite\u021be, ambianta deosebit de pl\u0103cut\u0103. Executat lucrarea Intr un timp foarte scurt\nFelicit\u0103ri \u0219i mult succes in activitatea viitoarr<!-- R-CONTENT --><\/div> <span class=\"ti-read-more\" data-container=\".ti-review-content\" data-collapse-text=\"Ascunde\" data-open-text=\"Citeste mai mult\"><\/span> <\/div> <\/div>  <div data-empty=\"0\" data-time=\"1682380800\" class=\"ti-review-item source-Facebook ti-image-layout-thumbnail\" data-id=\"cfcd208495d565ef66e7dff9f98764da\"> <div class=\"ti-inner\"> <div class=\"ti-review-header\"> <trustindex-image class=\"ti-platform-icon\" data-imgurl=\"https:\/\/cdn.trustindex.io\/assets\/platform\/Facebook\/icon.svg\" alt=\"\" width=\"20\" height=\"20\" loading=\"lazy\"><\/trustindex-image> <div class=\"ti-profile-img\"> <trustindex-image data-imgurl=\"https:\/\/graph.facebook.com\/6138683429552131\/picture?access_token=EAACW8aYRzLUBAAYFtWOZCoRTsQBg0ZC3Q3ArpsqqLnxaAjRLltMko44mgaLZCiZBrvaZBYGBLr1q7HqeJxjoEkZA1ZA45Gs7TRsn23AljLLYQAL3TLVVzuBEnZCLndKuJObo5TaFv9ZBN9W8DD5nLZChGPAL0IK3EvJTg1QXQl14RaP5MrDWyrQyeKi6IQK7klKGpPBGype3RVsgZDZD&amp;type=square&amp;width=80\" alt=\"Reparatii si Reglaje Termopane Alba Iulia profile picture\" loading=\"lazy\"><\/trustindex-image> <\/div> <div class=\"ti-profile-details\"> <div class=\"ti-name\"> Reparatii si Reglaje Termopane Alba Iulia <\/div> <div class=\"ti-date\"><\/div> <\/div> <\/div> <span class=\"ti-stars\"><trustindex-image class=\"ti-star\" data-imgurl=\"https:\/\/cdn.trustindex.io\/assets\/platform\/Facebook\/star\/f.svg\" alt=\"Facebook star 1\" width=\"17\" height=\"17\" loading=\"lazy\"><\/trustindex-image><trustindex-image class=\"ti-star\" data-imgurl=\"https:\/\/cdn.trustindex.io\/assets\/platform\/Facebook\/star\/f.svg\" alt=\"Facebook star 2\" width=\"17\" height=\"17\" loading=\"lazy\"><\/trustindex-image><trustindex-image class=\"ti-star\" data-imgurl=\"https:\/\/cdn.trustindex.io\/assets\/platform\/Facebook\/star\/f.svg\" alt=\"Facebook star 3\" width=\"17\" height=\"17\" loading=\"lazy\"><\/trustindex-image><trustindex-image class=\"ti-star\" data-imgurl=\"https:\/\/cdn.trustindex.io\/assets\/platform\/Facebook\/star\/f.svg\" alt=\"Facebook star 4\" width=\"17\" height=\"17\" loading=\"lazy\"><\/trustindex-image><trustindex-image class=\"ti-star\" data-imgurl=\"https:\/\/cdn.trustindex.io\/assets\/platform\/Facebook\/star\/f.svg\" alt=\"Facebook star 5\" width=\"17\" height=\"17\" loading=\"lazy\"><\/trustindex-image><span class=\"ti-verified-review ti-verified-platform\"><span class=\"ti-verified-tooltip\">Trustindex verific\u0103 c\u0103 sursa original\u0103 a recenziei este Facebook.<\/span><\/span><\/span> <div class=\"ti-review-text-container ti-review-content\"><!-- R-CONTENT -->Foarte amabili si eficienti. Raman vesnic recunoscatoare! Fac o treaba minuntata, in comparatie cu alte firme din oras!<!-- R-CONTENT --><\/div> <span class=\"ti-read-more\" data-container=\".ti-review-content\" data-collapse-text=\"Ascunde\" data-open-text=\"Citeste mai mult\"><\/span> <\/div> <\/div>  <div data-empty=\"0\" data-time=\"1682380800\" class=\"ti-review-item source-Facebook ti-image-layout-thumbnail\" data-id=\"cfcd208495d565ef66e7dff9f98764da\"> <div class=\"ti-inner\"> <div class=\"ti-review-header\"> <trustindex-image class=\"ti-platform-icon\" data-imgurl=\"https:\/\/cdn.trustindex.io\/assets\/platform\/Facebook\/icon.svg\" alt=\"\" width=\"20\" height=\"20\" loading=\"lazy\"><\/trustindex-image> <div class=\"ti-profile-img\"> <trustindex-image data-imgurl=\"https:\/\/graph.facebook.com\/5808554842590093\/picture?access_token=EAACW8aYRzLUBAAYFtWOZCoRTsQBg0ZC3Q3ArpsqqLnxaAjRLltMko44mgaLZCiZBrvaZBYGBLr1q7HqeJxjoEkZA1ZA45Gs7TRsn23AljLLYQAL3TLVVzuBEnZCLndKuJObo5TaFv9ZBN9W8DD5nLZChGPAL0IK3EvJTg1QXQl14RaP5MrDWyrQyeKi6IQK7klKGpPBGype3RVsgZDZD&amp;type=square&amp;width=80\" alt=\"Lumilor Romania profile picture\" loading=\"lazy\"><\/trustindex-image> <\/div> <div class=\"ti-profile-details\"> <div class=\"ti-name\"> Lumilor Romania <\/div> <div class=\"ti-date\"><\/div> <\/div> <\/div> <span class=\"ti-stars\"><trustindex-image class=\"ti-star\" data-imgurl=\"https:\/\/cdn.trustindex.io\/assets\/platform\/Facebook\/star\/f.svg\" alt=\"Facebook star 1\" width=\"17\" height=\"17\" loading=\"lazy\"><\/trustindex-image><trustindex-image class=\"ti-star\" data-imgurl=\"https:\/\/cdn.trustindex.io\/assets\/platform\/Facebook\/star\/f.svg\" alt=\"Facebook star 2\" width=\"17\" height=\"17\" loading=\"lazy\"><\/trustindex-image><trustindex-image class=\"ti-star\" data-imgurl=\"https:\/\/cdn.trustindex.io\/assets\/platform\/Facebook\/star\/f.svg\" alt=\"Facebook star 3\" width=\"17\" height=\"17\" loading=\"lazy\"><\/trustindex-image><trustindex-image class=\"ti-star\" data-imgurl=\"https:\/\/cdn.trustindex.io\/assets\/platform\/Facebook\/star\/f.svg\" alt=\"Facebook star 4\" width=\"17\" height=\"17\" loading=\"lazy\"><\/trustindex-image><trustindex-image class=\"ti-star\" data-imgurl=\"https:\/\/cdn.trustindex.io\/assets\/platform\/Facebook\/star\/f.svg\" alt=\"Facebook star 5\" width=\"17\" height=\"17\" loading=\"lazy\"><\/trustindex-image><span class=\"ti-verified-review ti-verified-platform\"><span class=\"ti-verified-tooltip\">Trustindex verific\u0103 c\u0103 sursa original\u0103 a recenziei este Facebook.<\/span><\/span><\/span> <div class=\"ti-review-text-container ti-review-content\"><!-- R-CONTENT -->Foarte multumit de serviciile prestate!<!-- R-CONTENT --><\/div> <span class=\"ti-read-more\" data-container=\".ti-review-content\" data-collapse-text=\"Ascunde\" data-open-text=\"Citeste mai mult\"><\/span> <\/div> <\/div>  <div data-empty=\"0\" data-time=\"1682294400\" class=\"ti-review-item source-Facebook ti-image-layout-thumbnail\" data-id=\"cfcd208495d565ef66e7dff9f98764da\"> <div class=\"ti-inner\"> <div class=\"ti-review-header\"> <trustindex-image class=\"ti-platform-icon\" data-imgurl=\"https:\/\/cdn.trustindex.io\/assets\/platform\/Facebook\/icon.svg\" alt=\"\" width=\"20\" height=\"20\" loading=\"lazy\"><\/trustindex-image> <div class=\"ti-profile-img\"> <trustindex-image data-imgurl=\"https:\/\/graph.facebook.com\/6019761531426906\/picture?access_token=EAACW8aYRzLUBAAYFtWOZCoRTsQBg0ZC3Q3ArpsqqLnxaAjRLltMko44mgaLZCiZBrvaZBYGBLr1q7HqeJxjoEkZA1ZA45Gs7TRsn23AljLLYQAL3TLVVzuBEnZCLndKuJObo5TaFv9ZBN9W8DD5nLZChGPAL0IK3EvJTg1QXQl14RaP5MrDWyrQyeKi6IQK7klKGpPBGype3RVsgZDZD&amp;type=square&amp;width=80\" alt=\"Valerian Cebotari profile picture\" loading=\"lazy\"><\/trustindex-image> <\/div> <div class=\"ti-profile-details\"> <div class=\"ti-name\"> Valerian Cebotari <\/div> <div class=\"ti-date\"><\/div> <\/div> <\/div> <span class=\"ti-stars\"><trustindex-image class=\"ti-star\" data-imgurl=\"https:\/\/cdn.trustindex.io\/assets\/platform\/Facebook\/star\/f.svg\" alt=\"Facebook star 1\" width=\"17\" height=\"17\" loading=\"lazy\"><\/trustindex-image><trustindex-image class=\"ti-star\" data-imgurl=\"https:\/\/cdn.trustindex.io\/assets\/platform\/Facebook\/star\/f.svg\" alt=\"Facebook star 2\" width=\"17\" height=\"17\" loading=\"lazy\"><\/trustindex-image><trustindex-image class=\"ti-star\" data-imgurl=\"https:\/\/cdn.trustindex.io\/assets\/platform\/Facebook\/star\/f.svg\" alt=\"Facebook star 3\" width=\"17\" height=\"17\" loading=\"lazy\"><\/trustindex-image><trustindex-image class=\"ti-star\" data-imgurl=\"https:\/\/cdn.trustindex.io\/assets\/platform\/Facebook\/star\/f.svg\" alt=\"Facebook star 4\" width=\"17\" height=\"17\" loading=\"lazy\"><\/trustindex-image><trustindex-image class=\"ti-star\" data-imgurl=\"https:\/\/cdn.trustindex.io\/assets\/platform\/Facebook\/star\/f.svg\" alt=\"Facebook star 5\" width=\"17\" height=\"17\" loading=\"lazy\"><\/trustindex-image><span class=\"ti-verified-review ti-verified-platform\"><span class=\"ti-verified-tooltip\">Trustindex verific\u0103 c\u0103 sursa original\u0103 a recenziei este Facebook.<\/span><\/span><\/span> <div class=\"ti-review-text-container ti-review-content\"><!-- R-CONTENT -->Ofera servicii de calitate si seriozatate maxima. Recomand !!<!-- R-CONTENT --><\/div> <span class=\"ti-read-more\" data-container=\".ti-review-content\" data-collapse-text=\"Ascunde\" data-open-text=\"Citeste mai mult\"><\/span> <\/div> <\/div>  <div data-empty=\"0\" data-time=\"1681862400\" class=\"ti-review-item source-Facebook ti-image-layout-thumbnail\" data-id=\"cfcd208495d565ef66e7dff9f98764da\"> <div class=\"ti-inner\"> <div class=\"ti-review-header\"> <trustindex-image class=\"ti-platform-icon\" data-imgurl=\"https:\/\/cdn.trustindex.io\/assets\/platform\/Facebook\/icon.svg\" alt=\"\" width=\"20\" height=\"20\" loading=\"lazy\"><\/trustindex-image> <div class=\"ti-profile-img\"> <trustindex-image data-imgurl=\"https:\/\/graph.facebook.com\/6612979948731588\/picture?access_token=EAACW8aYRzLUBAAYFtWOZCoRTsQBg0ZC3Q3ArpsqqLnxaAjRLltMko44mgaLZCiZBrvaZBYGBLr1q7HqeJxjoEkZA1ZA45Gs7TRsn23AljLLYQAL3TLVVzuBEnZCLndKuJObo5TaFv9ZBN9W8DD5nLZChGPAL0IK3EvJTg1QXQl14RaP5MrDWyrQyeKi6IQK7klKGpPBGype3RVsgZDZD&amp;type=square&amp;width=80\" alt=\"Irina Chiselite profile picture\" loading=\"lazy\"><\/trustindex-image> <\/div> <div class=\"ti-profile-details\"> <div class=\"ti-name\"> Irina Chiselite <\/div> <div class=\"ti-date\"><\/div> <\/div> <\/div> <span class=\"ti-stars\"><trustindex-image class=\"ti-star\" data-imgurl=\"https:\/\/cdn.trustindex.io\/assets\/platform\/Facebook\/star\/f.svg\" alt=\"Facebook star 1\" width=\"17\" height=\"17\" loading=\"lazy\"><\/trustindex-image><trustindex-image class=\"ti-star\" data-imgurl=\"https:\/\/cdn.trustindex.io\/assets\/platform\/Facebook\/star\/f.svg\" alt=\"Facebook star 2\" width=\"17\" height=\"17\" loading=\"lazy\"><\/trustindex-image><trustindex-image class=\"ti-star\" data-imgurl=\"https:\/\/cdn.trustindex.io\/assets\/platform\/Facebook\/star\/f.svg\" alt=\"Facebook star 3\" width=\"17\" height=\"17\" loading=\"lazy\"><\/trustindex-image><trustindex-image class=\"ti-star\" data-imgurl=\"https:\/\/cdn.trustindex.io\/assets\/platform\/Facebook\/star\/f.svg\" alt=\"Facebook star 4\" width=\"17\" height=\"17\" loading=\"lazy\"><\/trustindex-image><trustindex-image class=\"ti-star\" data-imgurl=\"https:\/\/cdn.trustindex.io\/assets\/platform\/Facebook\/star\/f.svg\" alt=\"Facebook star 5\" width=\"17\" height=\"17\" loading=\"lazy\"><\/trustindex-image><span class=\"ti-verified-review ti-verified-platform\"><span class=\"ti-verified-tooltip\">Trustindex verific\u0103 c\u0103 sursa original\u0103 a recenziei este Facebook.<\/span><\/span><\/span> <div class=\"ti-review-text-container ti-review-content\"><!-- R-CONTENT -->Servicii de calitate, prompte, executate la timp. Suntem clien\u021bi First It de 3 ani de zile \u0219i am fost tot timpul mul\u021bumi\u021bi de serviciile furnizate.<!-- R-CONTENT --><\/div> <span class=\"ti-read-more\" data-container=\".ti-review-content\" data-collapse-text=\"Ascunde\" data-open-text=\"Citeste mai mult\"><\/span> <\/div> <\/div>  <div data-empty=\"0\" data-time=\"1678060800\" class=\"ti-review-item source-Facebook ti-image-layout-thumbnail\" data-id=\"cfcd208495d565ef66e7dff9f98764da\"> <div class=\"ti-inner\"> <div class=\"ti-review-header\"> <trustindex-image class=\"ti-platform-icon\" data-imgurl=\"https:\/\/cdn.trustindex.io\/assets\/platform\/Facebook\/icon.svg\" alt=\"\" width=\"20\" height=\"20\" loading=\"lazy\"><\/trustindex-image> <div class=\"ti-profile-img\"> <trustindex-image data-imgurl=\"https:\/\/graph.facebook.com\/6180537141989363\/picture?access_token=EAACW8aYRzLUBAAYFtWOZCoRTsQBg0ZC3Q3ArpsqqLnxaAjRLltMko44mgaLZCiZBrvaZBYGBLr1q7HqeJxjoEkZA1ZA45Gs7TRsn23AljLLYQAL3TLVVzuBEnZCLndKuJObo5TaFv9ZBN9W8DD5nLZChGPAL0IK3EvJTg1QXQl14RaP5MrDWyrQyeKi6IQK7klKGpPBGype3RVsgZDZD&amp;type=square&amp;width=80\" alt=\"Dorina Andronache profile picture\" loading=\"lazy\"><\/trustindex-image> <\/div> <div class=\"ti-profile-details\"> <div class=\"ti-name\"> Dorina Andronache <\/div> <div class=\"ti-date\"><\/div> <\/div> <\/div> <span class=\"ti-stars\"><trustindex-image class=\"ti-star\" data-imgurl=\"https:\/\/cdn.trustindex.io\/assets\/platform\/Facebook\/star\/f.svg\" alt=\"Facebook star 1\" width=\"17\" height=\"17\" loading=\"lazy\"><\/trustindex-image><trustindex-image class=\"ti-star\" data-imgurl=\"https:\/\/cdn.trustindex.io\/assets\/platform\/Facebook\/star\/f.svg\" alt=\"Facebook star 2\" width=\"17\" height=\"17\" loading=\"lazy\"><\/trustindex-image><trustindex-image class=\"ti-star\" data-imgurl=\"https:\/\/cdn.trustindex.io\/assets\/platform\/Facebook\/star\/f.svg\" alt=\"Facebook star 3\" width=\"17\" height=\"17\" loading=\"lazy\"><\/trustindex-image><trustindex-image class=\"ti-star\" data-imgurl=\"https:\/\/cdn.trustindex.io\/assets\/platform\/Facebook\/star\/f.svg\" alt=\"Facebook star 4\" width=\"17\" height=\"17\" loading=\"lazy\"><\/trustindex-image><trustindex-image class=\"ti-star\" data-imgurl=\"https:\/\/cdn.trustindex.io\/assets\/platform\/Facebook\/star\/f.svg\" alt=\"Facebook star 5\" width=\"17\" height=\"17\" loading=\"lazy\"><\/trustindex-image><span class=\"ti-verified-review ti-verified-platform\"><span class=\"ti-verified-tooltip\">Trustindex verific\u0103 c\u0103 sursa original\u0103 a recenziei este Facebook.<\/span><\/span><\/span> <div class=\"ti-review-text-container ti-review-content\"><!-- R-CONTENT -->Seriozitate si servicii de calitate, flexibili si de incredere! Multumim pentru colaborare!<!-- R-CONTENT --><\/div> <span class=\"ti-read-more\" data-container=\".ti-review-content\" data-collapse-text=\"Ascunde\" data-open-text=\"Citeste mai mult\"><\/span> <\/div> <\/div>  <div data-empty=\"0\" data-time=\"1616544000\" class=\"ti-review-item source-Facebook ti-image-layout-thumbnail\" data-id=\"cfcd208495d565ef66e7dff9f98764da\"> <div class=\"ti-inner\"> <div class=\"ti-review-header\"> <trustindex-image class=\"ti-platform-icon\" data-imgurl=\"https:\/\/cdn.trustindex.io\/assets\/platform\/Facebook\/icon.svg\" alt=\"\" width=\"20\" height=\"20\" loading=\"lazy\"><\/trustindex-image> <div class=\"ti-profile-img\"> <trustindex-image data-imgurl=\"https:\/\/graph.facebook.com\/6091010057650842\/picture?access_token=EAACW8aYRzLUBAAYFtWOZCoRTsQBg0ZC3Q3ArpsqqLnxaAjRLltMko44mgaLZCiZBrvaZBYGBLr1q7HqeJxjoEkZA1ZA45Gs7TRsn23AljLLYQAL3TLVVzuBEnZCLndKuJObo5TaFv9ZBN9W8DD5nLZChGPAL0IK3EvJTg1QXQl14RaP5MrDWyrQyeKi6IQK7klKGpPBGype3RVsgZDZD&amp;type=square&amp;width=80\" alt=\"Camelia Radu profile picture\" loading=\"lazy\"><\/trustindex-image> <\/div> <div class=\"ti-profile-details\"> <div class=\"ti-name\"> Camelia Radu <\/div> <div class=\"ti-date\"><\/div> <\/div> <\/div> <span class=\"ti-stars\"><trustindex-image class=\"ti-star\" data-imgurl=\"https:\/\/cdn.trustindex.io\/assets\/platform\/Facebook\/star\/f.svg\" alt=\"Facebook star 1\" width=\"17\" height=\"17\" loading=\"lazy\"><\/trustindex-image><trustindex-image class=\"ti-star\" data-imgurl=\"https:\/\/cdn.trustindex.io\/assets\/platform\/Facebook\/star\/f.svg\" alt=\"Facebook star 2\" width=\"17\" height=\"17\" loading=\"lazy\"><\/trustindex-image><trustindex-image class=\"ti-star\" data-imgurl=\"https:\/\/cdn.trustindex.io\/assets\/platform\/Facebook\/star\/f.svg\" alt=\"Facebook star 3\" width=\"17\" height=\"17\" loading=\"lazy\"><\/trustindex-image><trustindex-image class=\"ti-star\" data-imgurl=\"https:\/\/cdn.trustindex.io\/assets\/platform\/Facebook\/star\/f.svg\" alt=\"Facebook star 4\" width=\"17\" height=\"17\" loading=\"lazy\"><\/trustindex-image><trustindex-image class=\"ti-star\" data-imgurl=\"https:\/\/cdn.trustindex.io\/assets\/platform\/Facebook\/star\/f.svg\" alt=\"Facebook star 5\" width=\"17\" height=\"17\" loading=\"lazy\"><\/trustindex-image><span class=\"ti-verified-review ti-verified-platform\"><span class=\"ti-verified-tooltip\">Trustindex verific\u0103 c\u0103 sursa original\u0103 a recenziei este Facebook.<\/span><\/span><\/span> <div class=\"ti-review-text-container ti-review-content\"><!-- R-CONTENT -->Promti si eficienti! \nAmabili!\ud83d\udc4d<!-- R-CONTENT --><\/div> <span class=\"ti-read-more\" data-container=\".ti-review-content\" data-collapse-text=\"Ascunde\" data-open-text=\"Citeste mai mult\"><\/span> <\/div> <\/div>  <\/div> <div class=\"ti-controls-line\"> <div class=\"dot\"><\/div> <\/div> <\/div>    <div class=\"ti-verified-by ti-verified-by-row\" data-style=\"1\"> <div class=\"ti-inner\"> Certificat de: Trustindex <span class=\"ti-info-icon\"><\/span> <div class=\"ti-disclaimer\">Insigna verificat\u0103 Trustindex este Simbolul Universal al \u00cencrederii. Doar cele mai bune companii pot ob\u021bine insigna verificat\u0103 cu un scor de recenzie deasupra 4.5, bazat pe recenziile clien\u021bilor din ultimele 12 luni. <a href=\"https:\/\/www.trustindex.io\/?a=sys&amp;c=wp-verified-badge&amp;url=\/the-trustindex-verified-badge\/\" target=\"_blank\">Cite\u0219te mai mult<\/a><\/div> <\/div> <\/div>  <\/div> <\/div> <\/template><\/pre><div data-src=\"https:\/\/cdn.trustindex.io\/loader.js?wp-widget\" data-template-id=\"trustindex-facebook-widget-html\" data-css-url=\"https:\/\/business-cloud.ro\/wp-content\/uploads\/trustindex-facebook-widget.css?1776199388\"><\/div>\n","protected":false},"excerpt":{"rendered":"<p>Protectie premium pentru computere si date impotriva virusilor, programelor ransomware, programelor spyware si a hackerilor<\/p>\n","protected":false},"featured_media":1037,"comment_status":"open","ping_status":"closed","template":"","meta":[],"product_brand":[],"product_cat":[36,37],"product_tag":[],"class_list":{"0":"post-1039","1":"product","2":"type-product","3":"status-publish","4":"has-post-thumbnail","6":"product_cat-antivirus","7":"product_cat-oferte-firstit","9":"first","10":"instock","11":"sale","12":"virtual","13":"taxable","14":"purchasable","15":"product-type-simple"},"jetpack_sharing_enabled":true,"_links":{"self":[{"href":"https:\/\/business-cloud.ro\/index.php\/wp-json\/wp\/v2\/product\/1039","targetHints":{"allow":["GET"]}}],"collection":[{"href":"https:\/\/business-cloud.ro\/index.php\/wp-json\/wp\/v2\/product"}],"about":[{"href":"https:\/\/business-cloud.ro\/index.php\/wp-json\/wp\/v2\/types\/product"}],"replies":[{"embeddable":true,"href":"https:\/\/business-cloud.ro\/index.php\/wp-json\/wp\/v2\/comments?post=1039"}],"wp:featuredmedia":[{"embeddable":true,"href":"https:\/\/business-cloud.ro\/index.php\/wp-json\/wp\/v2\/media\/1037"}],"wp:attachment":[{"href":"https:\/\/business-cloud.ro\/index.php\/wp-json\/wp\/v2\/media?parent=1039"}],"wp:term":[{"taxonomy":"product_brand","embeddable":true,"href":"https:\/\/business-cloud.ro\/index.php\/wp-json\/wp\/v2\/product_brand?post=1039"},{"taxonomy":"product_cat","embeddable":true,"href":"https:\/\/business-cloud.ro\/index.php\/wp-json\/wp\/v2\/product_cat?post=1039"},{"taxonomy":"product_tag","embeddable":true,"href":"https:\/\/business-cloud.ro\/index.php\/wp-json\/wp\/v2\/product_tag?post=1039"}],"curies":[{"name":"wp","href":"https:\/\/api.w.org\/{rel}","templated":true}]}}